{"id":246,"date":"2023-06-15T15:13:08","date_gmt":"2023-06-15T13:13:08","guid":{"rendered":"http:\/\/ppupopielski.pl\/?page_id=246"},"modified":"2023-07-19T16:47:52","modified_gmt":"2023-07-19T14:47:52","slug":"246-2","status":"publish","type":"page","link":"https:\/\/ppupopielski.pl\/","title":{"rendered":"Pasja i do\u015bwiadczenie kute w kamieniu"},"content":{"rendered":"\n<pre class=\"wp-block-preformatted has-large-font-size\"><strong>34 lata w bran\u017cy<\/strong><\/pre>\n\n\n\n<div class=\"wp-block-group alignfull has-base-color has-contrast-background-color has-text-color has-background\" style=\"margin-top:0;padding-top:var(--wp--preset--spacing--x-large);padding-right:30px;padding-bottom:var(--wp--preset--spacing--x-large);padding-left:30px\"><div class=\"wp-block-group__inner-container is-layout-constrained wp-container-core-group-is-layout-5a333bd2 wp-block-group-is-layout-constrained\">\n<div class=\"wp-block-columns alignwide are-vertically-aligned-center is-style-columns-reverse is-layout-flex wp-container-core-columns-is-layout-9d6595d7 wp-block-columns-is-layout-flex\">\n<div class=\"wp-block-column is-vertically-aligned-center is-layout-flow wp-block-column-is-layout-flow\">\n<div class=\"wp-block-group is-content-justification-left\"><div class=\"wp-block-group__inner-container is-layout-constrained wp-container-core-group-is-layout-4f1a270d wp-block-group-is-layout-constrained\">\n<h2 class=\"wp-block-heading has-max-36-font-size\" id=\"text-on-left-image-on-right\">Zajmujemy si\u0119 obr\u00f3bk\u0105 kamienia ju\u017c od 1989 roku<\/h2>\n\n\n\n<p>Jeste\u015bmy firm\u0105 wielopokoleniow\u0105 z tradycj\u0105 i sporym do\u015bwiadczeniem.<\/p>\n\n\n\n<p>Do ka\u017cdego nowego zam\u00f3wienia podchodzimy indywidualnie oraz jeste\u015bmy otwarci na osobiste personalizacje klienta.<\/p>\n<\/div><\/div>\n<\/div>\n\n\n\n<div class=\"wp-block-column is-vertically-aligned-center is-layout-flow wp-block-column-is-layout-flow\">\n<figure class=\"wp-block-image size-large is-resized is-style-rounded\"><img loading=\"lazy\" decoding=\"async\" src=\"https:\/\/ppupopielski.pl\/wp-content\/uploads\/2023\/06\/IMG_3420-1024x768.jpg\" alt=\"\" class=\"wp-image-235\" width=\"562\" height=\"422\" srcset=\"https:\/\/ppupopielski.pl\/wp-content\/uploads\/2023\/06\/IMG_3420-1024x768.jpg 1024w, https:\/\/ppupopielski.pl\/wp-content\/uploads\/2023\/06\/IMG_3420-300x225.jpg 300w, https:\/\/ppupopielski.pl\/wp-content\/uploads\/2023\/06\/IMG_3420-768x576.jpg 768w, https:\/\/ppupopielski.pl\/wp-content\/uploads\/2023\/06\/IMG_3420-1536x1152.jpg 1536w, https:\/\/ppupopielski.pl\/wp-content\/uploads\/2023\/06\/IMG_3420-2048x1536.jpg 2048w\" sizes=\"auto, (max-width: 562px) 100vw, 562px\" \/><\/figure>\n<\/div>\n<\/div>\n<\/div><\/div>\n\n\n\n<div class=\"wp-block-group alignfull\" id=\"features\" style=\"margin-top:0;padding-top:var(--wp--preset--spacing--x-large);padding-right:30px;padding-bottom:var(--wp--preset--spacing--x-large);padding-left:30px\"><div class=\"wp-block-group__inner-container is-layout-constrained wp-container-core-group-is-layout-771e1066 wp-block-group-is-layout-constrained\">\n<div class=\"wp-block-group\" style=\"padding-bottom:var(--wp--preset--spacing--large)\"><div class=\"wp-block-group__inner-container is-layout-constrained wp-container-core-group-is-layout-b44edd91 wp-block-group-is-layout-constrained\">\n<h2 class=\"wp-block-heading has-text-align-center has-max-60-font-size\" id=\"text-on-left-image-on-right\" style=\"letter-spacing:-1px\">Co oferujemy?<\/h2>\n\n\n\n<p class=\"has-text-align-center\" style=\"line-height:1.5\">Zajmujemy si\u0119 wszechstronn\u0105 obr\u00f3bk\u0105 kamienia od nagrobk\u00f3w, pomnik\u00f3w, wazon\u00f3w, tablic pami\u0105tkowych, po schody, kominki, parapety, blaty czy posadzki<\/p>\n<\/div><\/div>\n\n\n\n<div class=\"wp-block-columns are-vertically-aligned-center is-layout-flex wp-container-core-columns-is-layout-7707f86c wp-block-columns-is-layout-flex\" style=\"margin-bottom:var(--wp--preset--spacing--large)\">\n<div class=\"wp-block-column is-vertically-aligned-center is-layout-flow wp-block-column-is-layout-flow\">\n<div class=\"wp-block-group\"><div class=\"wp-block-group__inner-container is-layout-constrained wp-block-group-is-layout-constrained\">\n<div class=\"wp-block-columns is-layout-flex wp-container-core-columns-is-layout-9d6595d7 wp-block-columns-is-layout-flex\">\n<div class=\"wp-block-column is-layout-flow wp-block-column-is-layout-flow\" style=\"flex-basis:100%\">\n<div class=\"wp-block-columns is-layout-flex wp-container-core-columns-is-layout-9d6595d7 wp-block-columns-is-layout-flex\">\n<div class=\"wp-block-column is-layout-flow wp-block-column-is-layout-flow\" style=\"flex-basis:100%\">\n<figure class=\"wp-block-gallery has-nested-images columns-1 is-cropped wp-block-gallery-1 is-layout-flex wp-block-gallery-is-layout-flex\">\n<figure class=\"wp-block-image size-large is-style-rounded\"><img loading=\"lazy\" decoding=\"async\" width=\"1024\" height=\"768\" data-id=\"172\" src=\"https:\/\/ppupopielski.pl\/wp-content\/uploads\/2023\/06\/IMG_3389-1024x768.jpg\" alt=\"\" class=\"wp-image-172\" srcset=\"https:\/\/ppupopielski.pl\/wp-content\/uploads\/2023\/06\/IMG_3389-1024x768.jpg 1024w, https:\/\/ppupopielski.pl\/wp-content\/uploads\/2023\/06\/IMG_3389-300x225.jpg 300w, https:\/\/ppupopielski.pl\/wp-content\/uploads\/2023\/06\/IMG_3389-768x576.jpg 768w, https:\/\/ppupopielski.pl\/wp-content\/uploads\/2023\/06\/IMG_3389-1536x1152.jpg 1536w, https:\/\/ppupopielski.pl\/wp-content\/uploads\/2023\/06\/IMG_3389-2048x1536.jpg 2048w\" sizes=\"auto, (max-width: 1024px) 100vw, 1024px\" \/><\/figure>\n\n\n\n<figure class=\"wp-block-image size-large is-style-rounded\"><img loading=\"lazy\" decoding=\"async\" width=\"1024\" height=\"768\" data-id=\"181\" src=\"https:\/\/ppupopielski.pl\/wp-content\/uploads\/2023\/06\/IMG_3400-1024x768.jpg\" alt=\"\" class=\"wp-image-181\" srcset=\"https:\/\/ppupopielski.pl\/wp-content\/uploads\/2023\/06\/IMG_3400-1024x768.jpg 1024w, https:\/\/ppupopielski.pl\/wp-content\/uploads\/2023\/06\/IMG_3400-300x225.jpg 300w, https:\/\/ppupopielski.pl\/wp-content\/uploads\/2023\/06\/IMG_3400-768x576.jpg 768w, https:\/\/ppupopielski.pl\/wp-content\/uploads\/2023\/06\/IMG_3400-1536x1152.jpg 1536w, https:\/\/ppupopielski.pl\/wp-content\/uploads\/2023\/06\/IMG_3400-2048x1536.jpg 2048w\" sizes=\"auto, (max-width: 1024px) 100vw, 1024px\" \/><\/figure>\n\n\n\n<figure class=\"wp-block-image size-large is-style-shadow-light is-style-rounded\"><img loading=\"lazy\" decoding=\"async\" width=\"1024\" height=\"768\" data-id=\"173\" src=\"https:\/\/ppupopielski.pl\/wp-content\/uploads\/2023\/06\/IMG_3390-1024x768.jpg\" alt=\"\" class=\"wp-image-173\" srcset=\"https:\/\/ppupopielski.pl\/wp-content\/uploads\/2023\/06\/IMG_3390-1024x768.jpg 1024w, https:\/\/ppupopielski.pl\/wp-content\/uploads\/2023\/06\/IMG_3390-300x225.jpg 300w, https:\/\/ppupopielski.pl\/wp-content\/uploads\/2023\/06\/IMG_3390-768x576.jpg 768w, https:\/\/ppupopielski.pl\/wp-content\/uploads\/2023\/06\/IMG_3390-1536x1152.jpg 1536w, https:\/\/ppupopielski.pl\/wp-content\/uploads\/2023\/06\/IMG_3390-2048x1536.jpg 2048w\" sizes=\"auto, (max-width: 1024px) 100vw, 1024px\" \/><\/figure>\n<\/figure>\n<\/div>\n<\/div>\n<\/div>\n\n\n\n<div class=\"wp-block-column is-layout-flow wp-block-column-is-layout-flow\"><\/div>\n<\/div>\n<\/div><\/div>\n<\/div>\n\n\n\n<div class=\"wp-block-column is-vertically-aligned-center is-layout-flow wp-block-column-is-layout-flow\">\n<h2 class=\"wp-block-heading has-text-align-center has-x-large-font-size\">Posiadamy szeroki wyb\u00f3r surowc\u00f3w naturalnych<\/h2>\n\n\n\n<p>Ze wzgl\u0119du na ich trwa\u0142o\u015b\u0107 i wygl\u0105d u\u017cywamy tylko kamieni naturalnych min. granit, marmur, piaskowiec.    W celu informacji o dost\u0119pno\u015bci konkretnych rodzaj\u00f3w i kolor\u00f3w kamieni prosimy o kontakt.  <\/p>\n\n\n\n<div class=\"wp-block-buttons is-layout-flex wp-block-buttons-is-layout-flex\">\n<div class=\"wp-block-button is-style-fill\"><a class=\"wp-block-button__link has-primary-background-color has-background wp-element-button\" href=\"https:\/\/ppupopielski.pl\/?page_id=2\" style=\"padding-top:var(--wp--preset--spacing--x-small);padding-right:var(--wp--preset--spacing--medium);padding-bottom:var(--wp--preset--spacing--x-small);padding-left:var(--wp--preset--spacing--medium)\" target=\"_blank\" rel=\"noreferrer noopener\">Kontakt \u2192<\/a><\/div>\n<\/div>\n<\/div>\n<\/div>\n\n\n\n<div class=\"wp-block-columns is-style-columns-reverse is-layout-flex wp-container-core-columns-is-layout-7707f86c wp-block-columns-is-layout-flex\" style=\"margin-bottom:var(--wp--preset--spacing--large)\">\n<div class=\"wp-block-column is-vertically-aligned-center is-layout-flow wp-block-column-is-layout-flow\">\n<h2 class=\"wp-block-heading has-text-align-center has-x-large-font-size\"><strong>Mamy wykwalifikowan\u0105 kadr\u0119 oraz odpowiednie maszyny<\/strong><\/h2>\n\n\n\n<p>Nasi pracownicy to zgrany zesp\u00f3\u0142 z wieloletnim do\u015bwiadczeniem i zapa\u0142em w r\u0119kach.<\/p>\n<\/div>\n\n\n\n<div class=\"wp-block-column is-layout-flow wp-block-column-is-layout-flow\">\n<figure class=\"wp-block-gallery has-nested-images columns-default is-cropped wp-block-gallery-2 is-layout-flex wp-block-gallery-is-layout-flex\">\n<figure class=\"wp-block-image size-full is-style-rounded\"><img loading=\"lazy\" decoding=\"async\" width=\"2560\" height=\"1920\" data-id=\"187\" src=\"https:\/\/ppupopielski.pl\/wp-content\/uploads\/2023\/06\/IMG_3407-1-scaled.jpg\" alt=\"\" class=\"wp-image-187\" srcset=\"https:\/\/ppupopielski.pl\/wp-content\/uploads\/2023\/06\/IMG_3407-1-scaled.jpg 2560w, https:\/\/ppupopielski.pl\/wp-content\/uploads\/2023\/06\/IMG_3407-1-300x225.jpg 300w, https:\/\/ppupopielski.pl\/wp-content\/uploads\/2023\/06\/IMG_3407-1-1024x768.jpg 1024w, https:\/\/ppupopielski.pl\/wp-content\/uploads\/2023\/06\/IMG_3407-1-768x576.jpg 768w, https:\/\/ppupopielski.pl\/wp-content\/uploads\/2023\/06\/IMG_3407-1-1536x1152.jpg 1536w, https:\/\/ppupopielski.pl\/wp-content\/uploads\/2023\/06\/IMG_3407-1-2048x1536.jpg 2048w\" sizes=\"auto, (max-width: 2560px) 100vw, 2560px\" \/><\/figure>\n<\/figure>\n<\/div>\n<\/div>\n\n\n\n<div class=\"wp-block-columns is-layout-flex wp-container-core-columns-is-layout-989fc81e wp-block-columns-is-layout-flex\" style=\"padding-top:0;padding-right:0;padding-bottom:0;padding-left:0\">\n<div class=\"wp-block-column is-layout-flow wp-block-column-is-layout-flow\">\n<div class=\"wp-block-group\"><div class=\"wp-block-group__inner-container is-layout-constrained wp-block-group-is-layout-constrained\">\n<figure class=\"wp-block-gallery has-nested-images columns-default is-cropped wp-block-gallery-3 is-layout-flex wp-block-gallery-is-layout-flex\">\n<figure class=\"wp-block-image size-large is-style-rounded\"><img loading=\"lazy\" decoding=\"async\" width=\"1024\" height=\"768\" data-id=\"212\" src=\"https:\/\/ppupopielski.pl\/wp-content\/uploads\/2023\/06\/IMG_3436-1-1024x768.jpg\" alt=\"\" class=\"wp-image-212\" srcset=\"https:\/\/ppupopielski.pl\/wp-content\/uploads\/2023\/06\/IMG_3436-1-1024x768.jpg 1024w, https:\/\/ppupopielski.pl\/wp-content\/uploads\/2023\/06\/IMG_3436-1-300x225.jpg 300w, https:\/\/ppupopielski.pl\/wp-content\/uploads\/2023\/06\/IMG_3436-1-768x576.jpg 768w, https:\/\/ppupopielski.pl\/wp-content\/uploads\/2023\/06\/IMG_3436-1-1536x1152.jpg 1536w, https:\/\/ppupopielski.pl\/wp-content\/uploads\/2023\/06\/IMG_3436-1-2048x1536.jpg 2048w\" sizes=\"auto, (max-width: 1024px) 100vw, 1024px\" \/><\/figure>\n<\/figure>\n<\/div><\/div>\n\n\n\n<figure class=\"wp-block-gallery has-nested-images columns-default is-cropped wp-block-gallery-4 is-layout-flex wp-block-gallery-is-layout-flex\">\n<figure class=\"wp-block-image size-large is-style-rounded\"><img loading=\"lazy\" decoding=\"async\" width=\"1024\" height=\"768\" data-id=\"197\" src=\"https:\/\/ppupopielski.pl\/wp-content\/uploads\/2023\/06\/IMG_3418-1024x768.jpg\" alt=\"\" class=\"wp-image-197\" srcset=\"https:\/\/ppupopielski.pl\/wp-content\/uploads\/2023\/06\/IMG_3418-1024x768.jpg 1024w, https:\/\/ppupopielski.pl\/wp-content\/uploads\/2023\/06\/IMG_3418-300x225.jpg 300w, https:\/\/ppupopielski.pl\/wp-content\/uploads\/2023\/06\/IMG_3418-768x576.jpg 768w, https:\/\/ppupopielski.pl\/wp-content\/uploads\/2023\/06\/IMG_3418-1536x1152.jpg 1536w, https:\/\/ppupopielski.pl\/wp-content\/uploads\/2023\/06\/IMG_3418-2048x1536.jpg 2048w\" sizes=\"auto, (max-width: 1024px) 100vw, 1024px\" \/><\/figure>\n<\/figure>\n<\/div>\n\n\n\n<div class=\"wp-block-column is-vertically-aligned-center is-layout-flow wp-block-column-is-layout-flow\">\n<h2 class=\"wp-block-heading has-x-large-font-size\">Stale si\u0119 rozwijamy<\/h2>\n\n\n\n<p>Pomimo tylu lat w bran\u017cy troszcz\u0105c si\u0119 o jak najlepsze efekty naszej pracy i zadowolenie klient\u00f3w ca\u0142y czas poszerzamy nasz\u0105 wiedz\u0119, umiej\u0119tno\u015bci oraz nowoczesne maszyny.<\/p>\n<\/div>\n<\/div>\n<\/div><\/div>\n","protected":false},"excerpt":{"rendered":"<p>34 lata w bran\u017cy Zajmujemy si\u0119 obr\u00f3bk\u0105 kamienia ju\u017c od 1989 roku Jeste\u015bmy firm\u0105 wielopokoleniow\u0105 z tradycj\u0105 i sporym do\u015bwiadczeniem. Do ka\u017cdego [&hellip;]<\/p>\n","protected":false},"author":1,"featured_media":0,"parent":0,"menu_order":0,"comment_status":"closed","ping_status":"closed","template":"","meta":{"_themeisle_gutenberg_block_has_review":false,"footnotes":""},"class_list":["post-246","page","type-page","status-publish","hentry"],"_links":{"self":[{"href":"https:\/\/ppupopielski.pl\/index.php?rest_route=\/wp\/v2\/pages\/246","targetHints":{"allow":["GET"]}}],"collection":[{"href":"https:\/\/ppupopielski.pl\/index.php?rest_route=\/wp\/v2\/pages"}],"about":[{"href":"https:\/\/ppupopielski.pl\/index.php?rest_route=\/wp\/v2\/types\/page"}],"author":[{"embeddable":true,"href":"https:\/\/ppupopielski.pl\/index.php?rest_route=\/wp\/v2\/users\/1"}],"replies":[{"embeddable":true,"href":"https:\/\/ppupopielski.pl\/index.php?rest_route=%2Fwp%2Fv2%2Fcomments&post=246"}],"version-history":[{"count":7,"href":"https:\/\/ppupopielski.pl\/index.php?rest_route=\/wp\/v2\/pages\/246\/revisions"}],"predecessor-version":[{"id":303,"href":"https:\/\/ppupopielski.pl\/index.php?rest_route=\/wp\/v2\/pages\/246\/revisions\/303"}],"wp:attachment":[{"href":"https:\/\/ppupopielski.pl\/index.php?rest_route=%2Fwp%2Fv2%2Fmedia&parent=246"}],"curies":[{"name":"wp","href":"https:\/\/api.w.org\/{rel}","templated":true}]}}